{"id":299,"date":"2025-10-17T21:23:41","date_gmt":"2025-10-17T19:23:41","guid":{"rendered":"https:\/\/eveneum.com\/?page_id=299"},"modified":"2026-01-19T17:03:00","modified_gmt":"2026-01-19T16:03:00","slug":"general-conditions-of-service","status":"publish","type":"page","link":"https:\/\/eveneum.com\/en\/general-conditions-of-service\/","title":{"rendered":"General Terms and Conditions of Service [GTC]."},"content":{"rendered":"<p>I. Definitions<\/p>\n\n\n\n<ol class=\"wp-block-list\">\n<li>Eveneum - Eveneum sp. z o. o. sp. k. with its registered office in M\u0142odziejowice 9 S\u0142oneczny Stok Street, 32-091<br>Micha\u0142owice, entered in the Register of Entrepreneurs of the National Court Register by the District Court for Krak\u00f3w \u015ar\u00f3dmie\u015bcie, XI Economic Division under KRS number 0000469045, holding NIP 513023535.<br><\/li>\n\n\n\n<li>Ordering Party - a natural person who is not a consumer within the meaning of Article 221 of the Civil Code, a legal person or an organisational unit without legal personality, referring a Participant to participate in the Workshop.<br><\/li>\n\n\n\n<li>Participant - an individual, as designated by the Awarding Authority, attending a workshop.<br><\/li>\n\n\n\n<li>Service - means a service aimed at the acquisition or consolidation of skills or competences by the<br>Participants and consultancy services to support the Contracting Authority in achieving its business objectives or the objectives set for Participants by the Contracting Authority<\/li>\n<\/ol>\n\n\n\n<p>II. Principles of cooperation and liability of the parties<\/p>\n\n\n\n<ol class=\"wp-block-list\">\n<li>Eveneum undertakes to provide the Service in a reliable and timely manner to the best of its knowledge and<br>applicable, to the scope of the contracted work, provisions of applicable law.<br><\/li>\n\n\n\n<li>Eveneum declares that the persons delegated to conduct the Workshop on behalf of the Contracting Authority have the knowledge and experience necessary for the proper conduct of the Workshop.<br><\/li>\n\n\n\n<li>Eveneum may entrust the conduct of the Workshop to a third party without the need for the Purchaser's consent. Eveneum shall be liable for the acts and omissions of the third party as for its own acts and omissions.<\/li>\n<\/ol>\n\n\n\n<p>III. Application for training<\/p>\n\n\n\n<ol class=\"wp-block-list\">\n<li>In order to participate in the Workshop, the Ordering Party must send Eveneum a completed Workshop Application Form. The form can be submitted via email or online form.<br><\/li>\n\n\n\n<li>By completing and submitting an application for participation in the Workshop, the Ordering Party accepts the terms and conditions of the Workshop resulting from the Purchase Order and these General Conditions.<br><\/li>\n\n\n\n<li>Upon receipt of an application, Eveneum shall send confirmation of the Participant's enrolment on the list of Workshop participants without delay, no later than within 5 working days. Enrolment on the list of Workshop participants is equivalent to the reservation of a place for the Participant at the Workshop.<\/li>\n<\/ol>\n\n\n\n<p>IV. Payment terms<\/p>\n\n\n\n<ol class=\"wp-block-list\">\n<li>Eveneum will invoice the Ordering Party for participation in the Workshop. The value of the invoice will be the product of the number of participants registered by the Ordering Party and the net unit price.<br>Workshop.<br><\/li>\n\n\n\n<li>The due date of the invoice is indicated on the document.<br><\/li>\n\n\n\n<li>In the event of a delay in receiving payment for an invoice, Eveneum reserves the right to<br>to charge statutory interest for each day of delay and charge it to the Purchaser.<\/li>\n<\/ol>\n\n\n\n<p>V. Copyright<\/p>\n\n\n\n<ol class=\"wp-block-list\">\n<li>The content of the workshop materials made available\/submitted to the Contracting Authority by the<br>Eveneum during the Workshop are the subject of the Organiser's copyright.<br><\/li>\n\n\n\n<li>By providing the Workshop service, Eveneum transfers to the Ordering Party the sole ownership of<br>copies of the works referred to in paragraph 1 of this section made available or<br>provided to the Workshop Participants on behalf of the Contracting Authority. The delivery of the Workshop service shall not<br>shall neither transfer any copyright nor grant any licence to the Purchaser.<br><\/li>\n\n\n\n<li>The price for workshop materials includes in particular the remuneration for the transfer of rights<br>ownership of the copy.<br><\/li>\n\n\n\n<li>The Contracting Authority shall be entitled to use the copies of the works referred to in paragraph 1 of this section exclusively for its own internal use, without the right to make these copies available to third parties, and the Contracting Authority shall not be entitled to provide training by internal trainers using the workshop materials referred to in this section.<\/li>\n<\/ol>\n\n\n\n<p>VI. Cancellation and resignation from the Workshop<\/p>\n\n\n\n<ol class=\"wp-block-list\">\n<li>If a participant cancels the Workshop within 21 days prior to the Workshop, 100% of the amount paid will be refunded.<br><\/li>\n\n\n\n<li>In the event of a participant cancelling the Workshop 14 to 21 days before the Workshop starts<br>50% of the amount paid will be refunded.<br><\/li>\n\n\n\n<li>In the event of a participant cancelling less than 14 days before the Workshop begins<br>the amount paid is non-refundable.<br><\/li>\n\n\n\n<li>In points 1 and 2, the date of receipt of the letter at Eveneum is decisive.<br><\/li>\n\n\n\n<li>If the Ordering Party does not submit a cancellation and the participant is not present at the Workshop, subject to clause 5, Eveneum will charge the Ordering Party the full cost of the training.<br><\/li>\n\n\n\n<li>In the event that the Participant is unable to attend the Workshop for reasons beyond the Participant's control, Eveneum shall allow another Participant designated by the Ordering Party to attend the Workshop, provided that the Ordering Party informs the Participant no later than 3 working days before the Workshop date.<br><\/li>\n\n\n\n<li>Eveneum reserves the right to change the date, venue or to cancel the workshop no later than 3 working days before the workshop date. In the event of cancellation, the ordering party is entitled to a 100% refund of the amount paid or to exchange the date of the workshop.<br><\/li>\n\n\n\n<li>Eveneum reserves the right to modify the programme of the Workshop, in content<br>justified cases.<\/li>\n<\/ol>\n\n\n\n<p>VII. Basic information about the Service<\/p>\n\n\n\n<ol class=\"wp-block-list\">\n<li>Eveneum undertakes to prepare and carry out the service in accordance with these General Terms and Conditions of Services.<br><\/li>\n\n\n\n<li>The duration of the Service shall be specified in hours, with the duration of the Service, including breaks, not exceeding 8 clock hours in any one day unless otherwise agreed in justified cases and upon agreement with the Client.<br><\/li>\n\n\n\n<li>Eveneum reserves the right to modify the programme of the Service substantially<br>justified cases. <br><\/li>\n\n\n\n<li>The implementation of the Service concludes with an evaluation of Participants' satisfaction, which includes at least the following elements:<br>a. assessment of participant satisfaction<br>b. assessment of the trainer<br>c. asking about areas for improvement Service<br>d. question about additional competences the Participant would like to develop<br><br>Findings from the evaluation are discussed with those involved in the Service and used to further develop staff and improve Eveneum's services.<br><\/li>\n\n\n\n<li>Each Participant shall receive materials prepared by Eveneum containing the Service script, if applicable to the selected Service.<br><\/li>\n\n\n\n<li>After the Service, Eveneum will prepare a personal certificate for each Participant confirming<br>implementation of the Service, if applicable to the selected Service.<br><\/li>\n\n\n\n<li>In order to provide participants with a reliable service and a smoothly organised service, Eveneum provides<br>the following resources for its implementation:<br><br>a. a content supervisor responsible for overseeing the content and outcomes of the training or other service,<br>b. an organisational coordinator responsible for information management, customer contact and<br>organisation of the service<br>c. the expert performing the service, an Eveneum employee or a trainer cooperating with Eveneum who has<br>relevant business experience and practice related to the implementation of the Service.<br>The tasks listed above may, where appropriate, be carried out by a single person.<br><\/li>\n\n\n\n<li>In the case of onsite Services, where Eveneum is responsible for providing the venue for the Service, we aim to ensure that the venue always meets the following conditions:<br><br>a. space appropriate to the size of the group, access to daylight and lighting<br>artificial<br>b. comfortable air temperature,<br>c. no disruptive external noise,<br>d. maintenance,<br>e. access to sanitary facilities,<br>f. furnishings (chairs, tables if necessary) to enable the space to be arranged in a manner appropriate to the<br>the specifics of the training,<br>g. provide a sense of discretion where necessary and make it possible to carry out<br>personal interviews<\/li>\n<\/ol>\n\n\n\n<p>VIII. Treatment of service quality and complaints<\/p>\n\n\n\n<p>Eveneum's services are continuously and continuously evaluated by Participants. This allows us to<br>increase the level of satisfaction of our customers. Irrespective of the following provisions Eveneum will always<br>seeks to resolve any complaints amicably, putting your satisfaction first<br>The Contracting Authority and the value to the Participants. In the event of objections or complaints, the Awarding Authority shall have<br>Right:<br><br>a. raise their concerns with the organisational coordinator and the mentor<br>substantive<br>b. access to the evaluation of the satisfaction of Participants carried out<br>c. if the overall average satisfaction rating of the Participants delegated by the Contracting Authority is<br>less than 50% Eveneum will compensate the Purchaser in one of the forms:<br><br>        i. hold a follow-up session to remedy the shortcomings identified and agreed with Eveneum<br>        ii. Financial, up to 50% of the value of the Service<\/p>\n\n\n\n<p>IX. Protection of personal data<\/p>\n\n\n\n<p>The controller of your personal data is Eveneum. The data will be processed for the purpose of carrying out<br>contracts concluded with Eveneum and the legal obligations arising therefrom, as well as for information and marketing purposes related to the services provided. The data subject has the right, at any time, to permanently delete his\/her personal data, to correct them or to restrict the processing by notifying Eveneum of such decision by sending a message to the following address<br>rodo_gdpr@eveneum.com. <\/p>\n\n\n\n<p>Personal data will be processed by the Administrator on the basis of RODO Article 6(1) when:<\/p>\n\n\n\n<ol class=\"wp-block-list\">\n<li>the data subject has given his or her consent to the processing of his or her personal data for one or more specified purposes<\/li>\n\n\n\n<li>the processing is necessary for the performance of a contract to which the data subject is party or in order to take steps at the request of the data subject prior to entering into a contract<\/li>\n\n\n\n<li>processing is necessary for compliance with a legal obligation to which the controller is subject<\/li>\n\n\n\n<li>the processing is necessary to protect the vital interests of the data subject or of another<br>individual<\/li>\n\n\n\n<li>processing is necessary for the performance of a task carried out in the public interest or in the<br>in the exercise of official authority vested in the controller<\/li>\n\n\n\n<li>processing is necessary for the purposes of the legitimate interests pursued by the controller or by a third party, except where such interests are overridden by the interests or fundamental rights and freedoms of the data subject which require protection of personal data, in particular where the data subject is a child.<\/li>\n<\/ol>\n\n\n\n<p>Period of retention of personal data:<\/p>\n\n\n\n<ol class=\"wp-block-list\">\n<li>personal data processed on the basis of the legitimate interest of the Controller will be<br>kept for the duration of the contract for the period necessary for:<\/li>\n\n\n\n<li>complaint handling<\/li>\n\n\n\n<li>secure or assert possible claims against the Administrator, or<br>against the Administrator <\/li>\n\n\n\n<li>to comply with a legal obligation of the Administrator (e.g. arising from tax legislation or<br>accounting);<\/li>\n\n\n\n<li>personal data processed on the basis of a separate consent will be kept until that consent is given<br>cancellations<\/li>\n<\/ol>\n\n\n\n<p>Rights of the personal data subject:<\/p>\n\n\n\n<ol class=\"wp-block-list\">\n<li>the right of access to the content of your personal data, i.e. the right to obtain confirmation of whether or not<br>The controller shall process the data and information relating to such processing<\/li>\n\n\n\n<li>the right to rectification of data where the data processed by the Controller is inaccurate or<br>incomplete<\/li>\n\n\n\n<li>the right to ask the Controller to delete data<\/li>\n\n\n\n<li>the right to request the Controller to restrict data processing<\/li>\n\n\n\n<li>the right to data portability, i.e. the right to receive the data provided to the Controller<br>personal information and to send it to another controller;<\/li>\n\n\n\n<li>the right to object to the processing of your data (except where your data<br>are processed on the basis of legal provisions and their necessary archiving period has not expired)<\/li>\n\n\n\n<li>the right to lodge a complaint with the Polish supervisory authority or with the supervisory authority of another country<br>Member State of the European Union with jurisdiction over the data subject's habitual place of residence or work or over the place of the alleged breach of the RODO<\/li>\n\n\n\n<li>the right to withdraw consent at any time (without affecting the lawfulness of processing carried out on the basis of consent before its withdrawal)<\/li>\n\n\n\n<li>the right to obtain human intervention on the part of the Controller, to express one's point of view and to contest a decision based on automated data processing<\/li>\n<\/ol>\n\n\n\n<p>The rights set out in (1)-(6) and (8)-(9) above may be exercised, inter alia, by contacting the Data Protection Officer (address provided in the introduction) or by contacting the Controller by letter (address provided in the introduction, marked \u201eData Protection\u201d).<\/p>\n\n\n\n<p>Personal data may be processed on behalf of the Controller by employees and associates authorised by the Controller who need to have access to the data to perform their duties.<\/p>\n\n\n\n<p>X. Final provisions<\/p>\n\n\n\n<p>1 These General Terms and Conditions of Competency Development Services form an integral part of the contract.<\/p>\n\n\n\n<p>(2) Any disputes arising from contracts concluded on the basis of these General Terms and Conditions shall be settled by the court having jurisdiction over Eveneum's registered office.<\/p>\n\n\n\n<p>3 The General Terms and Conditions of Competence Development Services are effective as of 01.01.2020. <\/p>\n\n\n\n<p><\/p>","protected":false},"excerpt":{"rendered":"<p>I. Definicje II. Zasady wsp\u00f3\u0142pracy i odpowiedzialnos\u0301c\u0301 stron III. Zg\u0142oszenie na szkolenia IV. Warunki p\u0142atnos\u0301ci V. Prawa autorskie VI. Odwo\u0142anie Warsztatu oraz rezygnacja z Warsztatu VII. Podstawowe informacje o Us\u0142udze VIII. Post\u0119powanie w przypadku zastrze\u017ce\u0144 co jako\u015bci realizowanych us\u0142ug i reklamacji Us\u0142ugi Eveneum s\u0105 na bie\u017c\u0105co i w spos\u00f3b ci\u0105g\u0142y poddawane ocenie Uczestnik\u00f3w. Dzi\u0119ki temu [&hellip;]<\/p>","protected":false},"author":1,"featured_media":0,"parent":0,"menu_order":0,"comment_status":"closed","ping_status":"closed","template":"","meta":{"_acf_changed":false,"content-type":"","footnotes":""},"class_list":["post-299","page","type-page","status-publish","hentry"],"acf":[],"_links":{"self":[{"href":"https:\/\/eveneum.com\/en\/wp-json\/wp\/v2\/pages\/299","targetHints":{"allow":["GET"]}}],"collection":[{"href":"https:\/\/eveneum.com\/en\/wp-json\/wp\/v2\/pages"}],"about":[{"href":"https:\/\/eveneum.com\/en\/wp-json\/wp\/v2\/types\/page"}],"author":[{"embeddable":true,"href":"https:\/\/eveneum.com\/en\/wp-json\/wp\/v2\/users\/1"}],"replies":[{"embeddable":true,"href":"https:\/\/eveneum.com\/en\/wp-json\/wp\/v2\/comments?post=299"}],"version-history":[{"count":11,"href":"https:\/\/eveneum.com\/en\/wp-json\/wp\/v2\/pages\/299\/revisions"}],"predecessor-version":[{"id":2281,"href":"https:\/\/eveneum.com\/en\/wp-json\/wp\/v2\/pages\/299\/revisions\/2281"}],"wp:attachment":[{"href":"https:\/\/eveneum.com\/en\/wp-json\/wp\/v2\/media?parent=299"}],"curies":[{"name":"wp","href":"https:\/\/api.w.org\/{rel}","templated":true}]}}